{"id":14821,"date":"2016-01-25T14:51:46","date_gmt":"2016-01-25T13:51:46","guid":{"rendered":"http:\/\/www.interactive-studio.fr\/en\/?page_id=14821"},"modified":"2025-02-06T15:49:28","modified_gmt":"2025-02-06T14:49:28","slug":"websites-creation","status":"publish","type":"page","link":"https:\/\/www.interactive-studio.fr\/en\/our-services\/websites-creation","title":{"rendered":"Websites creation"},"content":{"rendered":"<div class=\"fusion-fullwidth fullwidth-box fusion-builder-row-1 fusion-flex-container hundred-percent-fullwidth non-hundred-percent-height-scrolling\" style=\"--awb-border-radius-top-left:0px;--awb-border-radius-top-right:0px;--awb-border-radius-bottom-right:0px;--awb-border-radius-bottom-left:0px;--awb-overflow:visible;--awb-flex-wrap:wrap;\" ><div class=\"fusion-builder-row fusion-row fusion-flex-align-items-flex-start fusion-flex-content-wrap\" style=\"width:104% !important;max-width:104% !important;margin-left: calc(-4% \/ 2 );margin-right: calc(-4% \/ 2 );\"><div class=\"fusion-layout-column fusion_builder_column fusion-builder-column-0 fusion_builder_column_1_1 1_1 fusion-flex-column fusion-flex-align-self-flex-start fusion-column-no-min-height\" style=\"--awb-bg-size:cover;--awb-width-large:100%;--awb-margin-top-large:0px;--awb-spacing-right-large:1.92%;--awb-margin-bottom-large:0px;--awb-spacing-left-large:1.92%;--awb-width-medium:100%;--awb-spacing-right-medium:1.92%;--awb-spacing-left-medium:1.92%;--awb-width-small:100%;--awb-spacing-right-small:1.92%;--awb-spacing-left-small:1.92%;\"><div class=\"fusion-column-wrapper fusion-flex-justify-content-flex-start fusion-content-layout-column\"><div class=\"fusion-slider-sc\"><div class=\"fusion-flexslider-loading flexslider flexslider-hover-type-none\" data-slideshow_autoplay=\"1\" data-slideshow_smooth_height=\"0\" data-slideshow_speed=\"7000\" style=\"max-width:100%;height:100%;\"><ul class=\"slides\"><li class=\"image\"><a title=\"website-creation-vip-driver-responsive-company\" data-title=\"website-creation-vip-driver-responsive-company\" aria-label=\"website-creation-vip-driver-responsive-company\" href=\"https:\/\/www.interactive-studio.fr\/en\/portfolio-web\/vip-driver-france\" target=\"_self\"><span class=\"fusion-image-hover-element hover-type-none\"><img decoding=\"async\" src=\"https:\/\/www.interactive-studio.fr\/media\/uploads\/2016\/01\/website-creation-vip-driver-responsive-company.jpg\" width=\"1000\" height=\"300\" \/><\/span><\/a><\/li><\/ul><\/div><\/div><\/div><\/div><div class=\"fusion-layout-column fusion_builder_column fusion-builder-column-1 fusion_builder_column_3_4 3_4 fusion-flex-column\" style=\"--awb-bg-size:cover;--awb-width-large:75%;--awb-margin-top-large:0px;--awb-spacing-right-large:3.84%;--awb-margin-bottom-large:20px;--awb-spacing-left-large:2.56%;--awb-width-medium:75%;--awb-spacing-right-medium:3.84%;--awb-spacing-left-medium:2.56%;--awb-width-small:100%;--awb-spacing-right-small:1.92%;--awb-spacing-left-small:1.92%;\"><div class=\"fusion-column-wrapper fusion-flex-justify-content-flex-start fusion-content-layout-column\"><div class=\"fusion-title title fusion-title-1 fusion-title-text fusion-title-size-one\" style=\"--awb-margin-top-small:10px;--awb-margin-right-small:0px;--awb-margin-bottom-small:10px;--awb-margin-left-small:0px;\"><div class=\"title-sep-container title-sep-container-left fusion-no-large-visibility fusion-no-medium-visibility fusion-no-small-visibility\"><div class=\"title-sep sep-single sep-solid\" style=\"border-color:#e0dede;\"><\/div><\/div><span class=\"awb-title-spacer fusion-no-large-visibility fusion-no-medium-visibility fusion-no-small-visibility\"><\/span><h1 class=\"fusion-title-heading title-heading-left fusion-responsive-typography-calculated\" style=\"margin:0;--fontSize:28;line-height:1.71;\">Creation of customized website<\/h1><span class=\"awb-title-spacer\"><\/span><div class=\"title-sep-container title-sep-container-right\"><div class=\"title-sep sep-single sep-solid\" style=\"border-color:#e0dede;\"><\/div><\/div><\/div><div class=\"fusion-text fusion-text-1\"><p style=\"text-align: justify;\" align=\"JUSTIFY\">Essential for the modern enterprise, the website is a very important tool for its evolution :<\/p>\n<ul>\n<li style=\"text-align: justify;\">Become the first of the competition<\/li>\n<li style=\"text-align: justify;\">Conquest new markets<\/li>\n<li style=\"text-align: justify;\">Prospect<\/li>\n<li style=\"text-align: justify;\">Sell goods and services<\/li>\n<li style=\"text-align: justify;\">Gain of time<\/li>\n<li style=\"text-align: justify;\">Ensure the public relations<\/li>\n<\/ul>\n<p style=\"text-align: justify;\" align=\"JUSTIFY\">Interactive Studio takes into account your budget, supervises and lead your website creation project in each field : from the selection of the domain name to the design, SEO, hosting, \u2026 and your presence on social networks (such as Facebook through the development of your fan page ).<\/p>\n<p style=\"text-align: justify;\" align=\"JUSTIFY\">We can also create mobile versions (iPhone, Galaxy, Lumia.. ) on tablet (iPad , Galaxy Tab , Surface .. ) of your website . ( Responsive Design)<\/p>\n<p style=\"text-align: justify;\" align=\"JUSTIFY\">Thanks to Interactive Studio, the web will become fun !<\/p>\n<\/div><\/div><\/div><div class=\"fusion-layout-column fusion_builder_column fusion-builder-column-2 fusion_builder_column_1_4 1_4 fusion-flex-column\" style=\"--awb-bg-size:cover;--awb-width-large:25%;--awb-margin-top-large:0px;--awb-spacing-right-large:7.68%;--awb-margin-bottom-large:20px;--awb-spacing-left-large:3.84%;--awb-width-medium:25%;--awb-spacing-right-medium:7.68%;--awb-spacing-left-medium:3.84%;--awb-width-small:100%;--awb-spacing-right-small:1.92%;--awb-spacing-left-small:1.92%;\"><div class=\"fusion-column-wrapper fusion-flex-justify-content-flex-start fusion-content-layout-column\"><div class=\"fusion-image-element \" style=\"--awb-caption-title-font-family:var(--h2_typography-font-family);--awb-caption-title-font-weight:var(--h2_typography-font-weight);--awb-caption-title-font-style:var(--h2_typography-font-style);--awb-caption-title-size:var(--h2_typography-font-size);--awb-caption-title-transform:var(--h2_typography-text-transform);--awb-caption-title-line-height:var(--h2_typography-line-height);--awb-caption-title-letter-spacing:var(--h2_typography-letter-spacing);\"><span class=\" fusion-imageframe imageframe-none imageframe-1 hover-type-none\"><img decoding=\"async\" width=\"231\" height=\"353\" title=\"web-design-prices\" src=\"https:\/\/www.interactive-studio.fr\/media\/uploads\/2016\/01\/web-design-prices.jpg\" alt class=\"img-responsive wp-image-14832\" srcset=\"https:\/\/www.interactive-studio.fr\/media\/uploads\/2016\/01\/web-design-prices-196x300.jpg 196w, https:\/\/www.interactive-studio.fr\/media\/uploads\/2016\/01\/web-design-prices.jpg 231w\" sizes=\"(max-width: 231px) 100vw, 231px\" \/><\/span><\/div><\/div><\/div><div class=\"fusion-layout-column fusion_builder_column fusion-builder-column-3 fusion_builder_column_3_4 3_4 fusion-flex-column\" style=\"--awb-bg-size:cover;--awb-width-large:75%;--awb-margin-top-large:0px;--awb-spacing-right-large:3.84%;--awb-margin-bottom-large:20px;--awb-spacing-left-large:2.56%;--awb-width-medium:75%;--awb-spacing-right-medium:3.84%;--awb-spacing-left-medium:2.56%;--awb-width-small:100%;--awb-spacing-right-small:1.92%;--awb-spacing-left-small:1.92%;\"><div class=\"fusion-column-wrapper fusion-flex-justify-content-flex-start fusion-content-layout-column\"><div class=\"fusion-title title fusion-title-2 fusion-title-text fusion-title-size-two\" style=\"--awb-margin-top-small:10px;--awb-margin-right-small:0px;--awb-margin-bottom-small:10px;--awb-margin-left-small:0px;\"><div class=\"title-sep-container title-sep-container-left fusion-no-large-visibility fusion-no-medium-visibility fusion-no-small-visibility\"><div class=\"title-sep sep-single sep-solid\" style=\"border-color:#e0dede;\"><\/div><\/div><span class=\"awb-title-spacer fusion-no-large-visibility fusion-no-medium-visibility fusion-no-small-visibility\"><\/span><h2 class=\"fusion-title-heading title-heading-left fusion-responsive-typography-calculated\" style=\"margin:0;--fontSize:21;line-height:1.29;\">Some examples<\/h2><span class=\"awb-title-spacer\"><\/span><div class=\"title-sep-container title-sep-container-right\"><div class=\"title-sep sep-single sep-solid\" style=\"border-color:#e0dede;\"><\/div><\/div><\/div><\/div><\/div><div class=\"fusion-layout-column fusion_builder_column fusion-builder-column-4 fusion_builder_column_1_4 1_4 fusion-flex-column\" style=\"--awb-bg-size:cover;--awb-width-large:25%;--awb-margin-top-large:0px;--awb-spacing-right-large:7.68%;--awb-margin-bottom-large:20px;--awb-spacing-left-large:3.84%;--awb-width-medium:25%;--awb-spacing-right-medium:7.68%;--awb-spacing-left-medium:3.84%;--awb-width-small:100%;--awb-spacing-right-small:1.92%;--awb-spacing-left-small:1.92%;\"><div class=\"fusion-column-wrapper fusion-flex-justify-content-flex-start fusion-content-layout-column\"><div style=\"text-align:right;\"><a class=\"fusion-button button-flat fusion-button-default-size button-custom fusion-button-default button-1 fusion-button-default-span \" style=\"--button_accent_color:#ffffff;--button_accent_hover_color:#ffffff;--button_border_hover_color:#ffffff;--button_border_width-top:1px;--button_border_width-right:1px;--button_border_width-bottom:1px;--button_border_width-left:1px;--button_gradient_top_color:#eba612;--button_gradient_bottom_color:#eba612;--button_gradient_top_color_hover:#ffcb5a;--button_gradient_bottom_color_hover:#ffcb5a;\" target=\"_self\" title=\"See all\" aria-label=\"See all\" href=\"https:\/\/www.interactive-studio.fr\/en\/webagency-websites-portfolio\"><i class=\" fa fa-hand-o-right awb-button__icon awb-button__icon--default button-icon-left\" aria-hidden=\"true\"><\/i><span class=\"fusion-button-text awb-button__text awb-button__text--default\">See all<\/span><\/a><\/div><\/div><\/div><div class=\"fusion-layout-column fusion_builder_column fusion-builder-column-5 fusion_builder_column_1_1 1_1 fusion-flex-column fusion-flex-align-self-flex-start fusion-column-no-min-height\" style=\"--awb-bg-size:cover;--awb-width-large:100%;--awb-margin-top-large:0px;--awb-spacing-right-large:1.92%;--awb-margin-bottom-large:0px;--awb-spacing-left-large:1.92%;--awb-width-medium:100%;--awb-spacing-right-medium:1.92%;--awb-spacing-left-medium:1.92%;--awb-width-small:100%;--awb-spacing-right-small:1.92%;--awb-spacing-left-small:1.92%;\"><div class=\"fusion-column-wrapper fusion-flex-justify-content-flex-start fusion-content-layout-column\"><style type=\"text\/css\">.fusion-portfolio-wrapper#fusion-portfolio-1 .fusion-portfolio-content{ padding: 25px 25px 25px 25px; text-align: left; }<\/style><div class=\"fusion-recent-works fusion-portfolio-element fusion-portfolio fusion-portfolio-1 fusion-portfolio-grid fusion-portfolio-paging-none fusion-portfolio-three fusion-portfolio-boxed fusion-portfolio-text\" data-id=\"-rw-1\" data-columns=\"three\"><style type=\"text\/css\">.fusion-portfolio-1 .fusion-portfolio-wrapper .fusion-col-spacing{padding:6px;}<\/style><div class=\"fusion-portfolio-wrapper\" id=\"fusion-portfolio-1\" data-picturesize=\"auto\" data-pages=\"5\" style=\"margin:-6px;\"><article id=\"portfolio-1-post-26130\" class=\"fusion-portfolio-post art-en responsive-en services-en wordpress-en fusion-col-spacing post-26130\"><div class=\"fusion-portfolio-content-wrapper\" style=\"border:1px solid #e2e2e2;border-bottom-width:3px;background-color:rgba(255,255,255,0);\"><div  class=\"fusion-image-wrapper\" aria-haspopup=\"true\">\n\t\t\t\t\t\t\t<a href=\"https:\/\/www.interactive-studio.fr\/en\/portfolio-web\/website-creation-fortunalabz-creative-agency\" aria-label=\"Fortuna Labz\">\n\t\t\t\t\t\t\t<img decoding=\"async\" width=\"1170\" height=\"700\" src=\"https:\/\/www.interactive-studio.fr\/media\/uploads\/2025\/05\/creation-site-web-agence-creative.webp\" class=\"attachment-full size-full wp-post-image\" alt=\"Cr\u00e9ation du site web de FortunaLabz \u2013 Agence cr\u00e9ative sp\u00e9cialis\u00e9e casino &amp; gaming\" srcset=\"https:\/\/www.interactive-studio.fr\/media\/uploads\/2025\/05\/creation-site-web-agence-creative-200x120.webp 200w, https:\/\/www.interactive-studio.fr\/media\/uploads\/2025\/05\/creation-site-web-agence-creative-400x239.webp 400w, https:\/\/www.interactive-studio.fr\/media\/uploads\/2025\/05\/creation-site-web-agence-creative-600x359.webp 600w, https:\/\/www.interactive-studio.fr\/media\/uploads\/2025\/05\/creation-site-web-agence-creative-800x479.webp 800w, https:\/\/www.interactive-studio.fr\/media\/uploads\/2025\/05\/creation-site-web-agence-creative.webp 1170w\" sizes=\"(min-width: 2200px) 100vw, (min-width: 784px) 345px, (min-width: 712px) 518px, (min-width: 640px) 712px, \" \/>\t\t\t<\/a>\n\t\t\t\t\t\t\t<\/div>\n<div class=\"fusion-portfolio-content\" style=\"background-color:rgba(255,255,255,0);\"><h2 class=\"fusion-post-title\"><a href=\"https:\/\/www.interactive-studio.fr\/en\/portfolio-web\/website-creation-fortunalabz-creative-agency\">Fortuna Labz<\/a><\/h2><div class=\"fusion-portfolio-meta\"><a href=\"https:\/\/www.interactive-studio.fr\/en\/portfolio_category\/art-en\" rel=\"tag\">Art<\/a>, <a href=\"https:\/\/www.interactive-studio.fr\/en\/portfolio_category\/responsive-en\" rel=\"tag\">Responsive<\/a>, <a href=\"https:\/\/www.interactive-studio.fr\/en\/portfolio_category\/services-en\" rel=\"tag\">Services<\/a>, <a href=\"https:\/\/www.interactive-studio.fr\/en\/portfolio_category\/wordpress-en\" rel=\"tag\">WordPress<\/a><\/div><div class=\"fusion-post-content\"><\/div><\/div><\/div><\/article><article id=\"portfolio-1-post-26122\" class=\"fusion-portfolio-post services-en wordpress-en fusion-col-spacing post-26122\"><div class=\"fusion-portfolio-content-wrapper\" style=\"border:1px solid #e2e2e2;border-bottom-width:3px;background-color:rgba(255,255,255,0);\"><div  class=\"fusion-image-wrapper\" aria-haspopup=\"true\">\n\t\t\t\t\t\t\t<a href=\"https:\/\/www.interactive-studio.fr\/en\/portfolio-web\/creation-website-dentist-paris-9\" aria-label=\"Dentiste Paris 9\">\n\t\t\t\t\t\t\t<img decoding=\"async\" width=\"1170\" height=\"700\" src=\"https:\/\/www.interactive-studio.fr\/media\/uploads\/2025\/05\/creation-site-web-dentiste-paris-9-2025.webp\" class=\"attachment-full size-full wp-post-image\" alt=\"Cr\u00e9ation de site web dentiste Paris 9\" srcset=\"https:\/\/www.interactive-studio.fr\/media\/uploads\/2025\/05\/creation-site-web-dentiste-paris-9-2025-200x120.webp 200w, https:\/\/www.interactive-studio.fr\/media\/uploads\/2025\/05\/creation-site-web-dentiste-paris-9-2025-400x239.webp 400w, https:\/\/www.interactive-studio.fr\/media\/uploads\/2025\/05\/creation-site-web-dentiste-paris-9-2025-600x359.webp 600w, https:\/\/www.interactive-studio.fr\/media\/uploads\/2025\/05\/creation-site-web-dentiste-paris-9-2025-800x479.webp 800w, https:\/\/www.interactive-studio.fr\/media\/uploads\/2025\/05\/creation-site-web-dentiste-paris-9-2025.webp 1170w\" sizes=\"(min-width: 2200px) 100vw, (min-width: 784px) 345px, (min-width: 712px) 518px, (min-width: 640px) 712px, \" \/>\t\t\t<\/a>\n\t\t\t\t\t\t\t<\/div>\n<div class=\"fusion-portfolio-content\" style=\"background-color:rgba(255,255,255,0);\"><h2 class=\"fusion-post-title\"><a href=\"https:\/\/www.interactive-studio.fr\/en\/portfolio-web\/creation-website-dentist-paris-9\">Dentiste Paris 9<\/a><\/h2><div class=\"fusion-portfolio-meta\"><a href=\"https:\/\/www.interactive-studio.fr\/en\/portfolio_category\/services-en\" rel=\"tag\">Services<\/a>, <a href=\"https:\/\/www.interactive-studio.fr\/en\/portfolio_category\/wordpress-en\" rel=\"tag\">WordPress<\/a><\/div><div class=\"fusion-post-content\"><\/div><\/div><\/div><\/article><article id=\"portfolio-1-post-25672\" class=\"fusion-portfolio-post services-en wordpress-en fusion-col-spacing post-25672\"><div class=\"fusion-portfolio-content-wrapper\" style=\"border:1px solid #e2e2e2;border-bottom-width:3px;background-color:rgba(255,255,255,0);\"><div  class=\"fusion-image-wrapper\" aria-haspopup=\"true\">\n\t\t\t\t\t\t\t<a href=\"https:\/\/www.interactive-studio.fr\/en\/portfolio-web\/les-artisans-du-batiment-website-creation\" aria-label=\"Les Artisans du B\u00e2timent\">\n\t\t\t\t\t\t\t<img decoding=\"async\" width=\"1170\" height=\"700\" src=\"https:\/\/www.interactive-studio.fr\/media\/uploads\/2025\/02\/creation-site-web-ladb-renovation-plomberie.webp\" class=\"attachment-full size-full wp-post-image\" alt=\"Cr\u00e9ation site web LADB Entreprise r\u00e9novation &amp; plomberie\" srcset=\"https:\/\/www.interactive-studio.fr\/media\/uploads\/2025\/02\/creation-site-web-ladb-renovation-plomberie-200x120.webp 200w, https:\/\/www.interactive-studio.fr\/media\/uploads\/2025\/02\/creation-site-web-ladb-renovation-plomberie-400x239.webp 400w, https:\/\/www.interactive-studio.fr\/media\/uploads\/2025\/02\/creation-site-web-ladb-renovation-plomberie-600x359.webp 600w, https:\/\/www.interactive-studio.fr\/media\/uploads\/2025\/02\/creation-site-web-ladb-renovation-plomberie-800x479.webp 800w, https:\/\/www.interactive-studio.fr\/media\/uploads\/2025\/02\/creation-site-web-ladb-renovation-plomberie.webp 1170w\" sizes=\"(min-width: 2200px) 100vw, (min-width: 784px) 345px, (min-width: 712px) 518px, (min-width: 640px) 712px, \" \/>\t\t\t<\/a>\n\t\t\t\t\t\t\t<\/div>\n<div class=\"fusion-portfolio-content\" style=\"background-color:rgba(255,255,255,0);\"><h2 class=\"fusion-post-title\"><a href=\"https:\/\/www.interactive-studio.fr\/en\/portfolio-web\/les-artisans-du-batiment-website-creation\">Les Artisans du B\u00e2timent<\/a><\/h2><div class=\"fusion-portfolio-meta\"><a href=\"https:\/\/www.interactive-studio.fr\/en\/portfolio_category\/services-en\" rel=\"tag\">Services<\/a>, <a href=\"https:\/\/www.interactive-studio.fr\/en\/portfolio_category\/wordpress-en\" rel=\"tag\">WordPress<\/a><\/div><div class=\"fusion-post-content\"><\/div><\/div><\/div><\/article><\/div><\/div><\/div><\/div><\/div><\/div>\n","protected":false},"excerpt":{"rendered":"","protected":false},"author":1,"featured_media":0,"parent":14819,"menu_order":0,"comment_status":"open","ping_status":"open","template":"","meta":{"footnotes":""},"class_list":["post-14821","page","type-page","status-publish","hentry"],"yoast_head":"<!-- This site is optimized with the Yoast SEO plugin v27.6 - https:\/\/yoast.com\/product\/yoast-seo-wordpress\/ -->\n<title>Websites creation | Web design company Paris<\/title>\n<meta name=\"description\" content=\"Paris based web design\u00a0company. Interactive Studio - professional\u00a0web site\u00a0design at affordable prices.\" \/>\n<meta name=\"robots\" content=\"index, follow, max-snippet:-1, max-image-preview:large, max-video-preview:-1\" \/>\n<link rel=\"canonical\" href=\"https:\/\/www.interactive-studio.fr\/en\/our-services\/websites-creation\" \/>\n<meta property=\"og:locale\" content=\"en_US\" \/>\n<meta property=\"og:type\" content=\"article\" \/>\n<meta property=\"og:title\" content=\"Websites creation | Web design company Paris\" \/>\n<meta property=\"og:description\" content=\"Paris based web design\u00a0company. Interactive Studio - professional\u00a0web site\u00a0design at affordable prices.\" \/>\n<meta property=\"og:url\" content=\"https:\/\/www.interactive-studio.fr\/en\/our-services\/websites-creation\" \/>\n<meta property=\"article:publisher\" content=\"https:\/\/www.facebook.com\/Agence.web.Paris.Interactive.Studio\" \/>\n<meta property=\"article:modified_time\" content=\"2025-02-06T14:49:28+00:00\" \/>\n<meta property=\"og:image\" content=\"https:\/\/www.interactive-studio.fr\/media\/uploads\/2016\/01\/web-design-prices.jpg\" \/>\n<meta name=\"twitter:label1\" content=\"Est. reading time\" \/>\n\t<meta name=\"twitter:data1\" content=\"3 minutes\" \/>\n<script type=\"application\/ld+json\" class=\"yoast-schema-graph\">{\"@context\":\"https:\\\/\\\/schema.org\",\"@graph\":[{\"@type\":\"WebPage\",\"@id\":\"https:\\\/\\\/www.interactive-studio.fr\\\/en\\\/our-services\\\/websites-creation\",\"url\":\"https:\\\/\\\/www.interactive-studio.fr\\\/en\\\/our-services\\\/websites-creation\",\"name\":\"Websites creation | Web design company Paris\",\"isPartOf\":{\"@id\":\"https:\\\/\\\/www.interactive-studio.fr\\\/#website\"},\"primaryImageOfPage\":{\"@id\":\"https:\\\/\\\/www.interactive-studio.fr\\\/en\\\/our-services\\\/websites-creation#primaryimage\"},\"image\":{\"@id\":\"https:\\\/\\\/www.interactive-studio.fr\\\/en\\\/our-services\\\/websites-creation#primaryimage\"},\"thumbnailUrl\":\"https:\\\/\\\/www.interactive-studio.fr\\\/wp-content\\\/uploads\\\/2016\\\/01\\\/web-design-prices.jpg\",\"datePublished\":\"2016-01-25T13:51:46+00:00\",\"dateModified\":\"2025-02-06T14:49:28+00:00\",\"description\":\"Paris based web design\u00a0company. Interactive Studio - professional\u00a0web site\u00a0design at affordable prices.\",\"breadcrumb\":{\"@id\":\"https:\\\/\\\/www.interactive-studio.fr\\\/en\\\/our-services\\\/websites-creation#breadcrumb\"},\"inLanguage\":\"en-US\",\"potentialAction\":[{\"@type\":\"ReadAction\",\"target\":[\"https:\\\/\\\/www.interactive-studio.fr\\\/en\\\/our-services\\\/websites-creation\"]}]},{\"@type\":\"ImageObject\",\"inLanguage\":\"en-US\",\"@id\":\"https:\\\/\\\/www.interactive-studio.fr\\\/en\\\/our-services\\\/websites-creation#primaryimage\",\"url\":\"https:\\\/\\\/www.interactive-studio.fr\\\/wp-content\\\/uploads\\\/2016\\\/01\\\/web-design-prices.jpg\",\"contentUrl\":\"https:\\\/\\\/www.interactive-studio.fr\\\/wp-content\\\/uploads\\\/2016\\\/01\\\/web-design-prices.jpg\"},{\"@type\":\"BreadcrumbList\",\"@id\":\"https:\\\/\\\/www.interactive-studio.fr\\\/en\\\/our-services\\\/websites-creation#breadcrumb\",\"itemListElement\":[{\"@type\":\"ListItem\",\"position\":1,\"name\":\"Accueil\",\"item\":\"https:\\\/\\\/www.interactive-studio.fr\\\/en\"},{\"@type\":\"ListItem\",\"position\":2,\"name\":\"Our Services\",\"item\":\"https:\\\/\\\/www.interactive-studio.fr\\\/en\\\/our-services\"},{\"@type\":\"ListItem\",\"position\":3,\"name\":\"Websites creation\"}]},{\"@type\":\"WebSite\",\"@id\":\"https:\\\/\\\/www.interactive-studio.fr\\\/#website\",\"url\":\"https:\\\/\\\/www.interactive-studio.fr\\\/\",\"name\":\"\",\"description\":\"\",\"potentialAction\":[{\"@type\":\"SearchAction\",\"target\":{\"@type\":\"EntryPoint\",\"urlTemplate\":\"https:\\\/\\\/www.interactive-studio.fr\\\/?s={search_term_string}\"},\"query-input\":{\"@type\":\"PropertyValueSpecification\",\"valueRequired\":true,\"valueName\":\"search_term_string\"}}],\"inLanguage\":\"en-US\"}]}<\/script>\n<!-- \/ Yoast SEO plugin. -->","yoast_head_json":{"title":"Websites creation | Web design company Paris","description":"Paris based web design\u00a0company. Interactive Studio - professional\u00a0web site\u00a0design at affordable prices.","robots":{"index":"index","follow":"follow","max-snippet":"max-snippet:-1","max-image-preview":"max-image-preview:large","max-video-preview":"max-video-preview:-1"},"canonical":"https:\/\/www.interactive-studio.fr\/en\/our-services\/websites-creation","og_locale":"en_US","og_type":"article","og_title":"Websites creation | Web design company Paris","og_description":"Paris based web design\u00a0company. Interactive Studio - professional\u00a0web site\u00a0design at affordable prices.","og_url":"https:\/\/www.interactive-studio.fr\/en\/our-services\/websites-creation","article_publisher":"https:\/\/www.facebook.com\/Agence.web.Paris.Interactive.Studio","article_modified_time":"2025-02-06T14:49:28+00:00","og_image":[{"url":"https:\/\/www.interactive-studio.fr\/media\/uploads\/2016\/01\/web-design-prices.jpg","type":"","width":"","height":""}],"twitter_misc":{"Est. reading time":"3 minutes"},"schema":{"@context":"https:\/\/schema.org","@graph":[{"@type":"WebPage","@id":"https:\/\/www.interactive-studio.fr\/en\/our-services\/websites-creation","url":"https:\/\/www.interactive-studio.fr\/en\/our-services\/websites-creation","name":"Websites creation | Web design company Paris","isPartOf":{"@id":"https:\/\/www.interactive-studio.fr\/#website"},"primaryImageOfPage":{"@id":"https:\/\/www.interactive-studio.fr\/en\/our-services\/websites-creation#primaryimage"},"image":{"@id":"https:\/\/www.interactive-studio.fr\/en\/our-services\/websites-creation#primaryimage"},"thumbnailUrl":"https:\/\/www.interactive-studio.fr\/media\/uploads\/2016\/01\/web-design-prices.jpg","datePublished":"2016-01-25T13:51:46+00:00","dateModified":"2025-02-06T14:49:28+00:00","description":"Paris based web design\u00a0company. Interactive Studio - professional\u00a0web site\u00a0design at affordable prices.","breadcrumb":{"@id":"https:\/\/www.interactive-studio.fr\/en\/our-services\/websites-creation#breadcrumb"},"inLanguage":"en-US","potentialAction":[{"@type":"ReadAction","target":["https:\/\/www.interactive-studio.fr\/en\/our-services\/websites-creation"]}]},{"@type":"ImageObject","inLanguage":"en-US","@id":"https:\/\/www.interactive-studio.fr\/en\/our-services\/websites-creation#primaryimage","url":"https:\/\/www.interactive-studio.fr\/media\/uploads\/2016\/01\/web-design-prices.jpg","contentUrl":"https:\/\/www.interactive-studio.fr\/media\/uploads\/2016\/01\/web-design-prices.jpg"},{"@type":"BreadcrumbList","@id":"https:\/\/www.interactive-studio.fr\/en\/our-services\/websites-creation#breadcrumb","itemListElement":[{"@type":"ListItem","position":1,"name":"Accueil","item":"https:\/\/www.interactive-studio.fr\/en"},{"@type":"ListItem","position":2,"name":"Our Services","item":"https:\/\/www.interactive-studio.fr\/en\/our-services"},{"@type":"ListItem","position":3,"name":"Websites creation"}]},{"@type":"WebSite","@id":"https:\/\/www.interactive-studio.fr\/#website","url":"https:\/\/www.interactive-studio.fr\/","name":"","description":"","potentialAction":[{"@type":"SearchAction","target":{"@type":"EntryPoint","urlTemplate":"https:\/\/www.interactive-studio.fr\/?s={search_term_string}"},"query-input":{"@type":"PropertyValueSpecification","valueRequired":true,"valueName":"search_term_string"}}],"inLanguage":"en-US"}]}},"_links":{"self":[{"href":"https:\/\/www.interactive-studio.fr\/en\/wp-json\/wp\/v2\/pages\/14821","targetHints":{"allow":["GET"]}}],"collection":[{"href":"https:\/\/www.interactive-studio.fr\/en\/wp-json\/wp\/v2\/pages"}],"about":[{"href":"https:\/\/www.interactive-studio.fr\/en\/wp-json\/wp\/v2\/types\/page"}],"author":[{"embeddable":true,"href":"https:\/\/www.interactive-studio.fr\/en\/wp-json\/wp\/v2\/users\/1"}],"replies":[{"embeddable":true,"href":"https:\/\/www.interactive-studio.fr\/en\/wp-json\/wp\/v2\/comments?post=14821"}],"version-history":[{"count":13,"href":"https:\/\/www.interactive-studio.fr\/en\/wp-json\/wp\/v2\/pages\/14821\/revisions"}],"predecessor-version":[{"id":25664,"href":"https:\/\/www.interactive-studio.fr\/en\/wp-json\/wp\/v2\/pages\/14821\/revisions\/25664"}],"up":[{"embeddable":true,"href":"https:\/\/www.interactive-studio.fr\/en\/wp-json\/wp\/v2\/pages\/14819"}],"wp:attachment":[{"href":"https:\/\/www.interactive-studio.fr\/en\/wp-json\/wp\/v2\/media?parent=14821"}],"curies":[{"name":"wp","href":"https:\/\/api.w.org\/{rel}","templated":true}]}}